{"id":992,"date":"2024-07-31T15:04:06","date_gmt":"2024-07-31T15:04:06","guid":{"rendered":"https:\/\/isa-ninkovic.com\/?page_id=992"},"modified":"2024-11-12T11:28:14","modified_gmt":"2024-11-12T11:28:14","slug":"anmeldung","status":"publish","type":"page","link":"https:\/\/isa-ninkovic.com\/de\/anmeldung\/","title":{"rendered":"Anmeldung"},"content":{"rendered":"","protected":false},"excerpt":{"rendered":"","protected":false},"author":3,"featured_media":0,"parent":0,"menu_order":0,"comment_status":"closed","ping_status":"closed","template":"page-templates\/registration-template.php","meta":{"_seopress_robots_primary_cat":"","_seopress_titles_title":"Anmeldung","_seopress_titles_desc":"ISA Ninkovic l\u00e4dt Sie ein, sich zu unserem Kongress f\u00fcr plastische, \u00e4sthetische, rekonstruktive und Handchirurgie anzumelden und, wenn Sie aktiv teilnehmen m\u00f6chten, Ihre Abstracts einzureichen.","_seopress_robots_index":"","footnotes":""},"class_list":["post-992","page","type-page","status-publish","hentry"],"acf":[],"_links":{"self":[{"href":"https:\/\/isa-ninkovic.com\/de\/wp-json\/wp\/v2\/pages\/992","targetHints":{"allow":["GET"]}}],"collection":[{"href":"https:\/\/isa-ninkovic.com\/de\/wp-json\/wp\/v2\/pages"}],"about":[{"href":"https:\/\/isa-ninkovic.com\/de\/wp-json\/wp\/v2\/types\/page"}],"author":[{"embeddable":true,"href":"https:\/\/isa-ninkovic.com\/de\/wp-json\/wp\/v2\/users\/3"}],"replies":[{"embeddable":true,"href":"https:\/\/isa-ninkovic.com\/de\/wp-json\/wp\/v2\/comments?post=992"}],"version-history":[{"count":33,"href":"https:\/\/isa-ninkovic.com\/de\/wp-json\/wp\/v2\/pages\/992\/revisions"}],"predecessor-version":[{"id":1725,"href":"https:\/\/isa-ninkovic.com\/de\/wp-json\/wp\/v2\/pages\/992\/revisions\/1725"}],"wp:attachment":[{"href":"https:\/\/isa-ninkovic.com\/de\/wp-json\/wp\/v2\/media?parent=992"}],"curies":[{"name":"wp","href":"https:\/\/api.w.org\/{rel}","templated":true}]}}