{"id":631,"date":"2024-06-21T21:07:33","date_gmt":"2024-06-21T21:07:33","guid":{"rendered":"https:\/\/isa-ninkovic.com\/politika-privatnosti-i-zastite-osobnih-podataka\/"},"modified":"2024-07-16T15:20:03","modified_gmt":"2024-07-16T15:20:03","slug":"datenschutz-und-datenschutzrichtlinie","status":"publish","type":"page","link":"https:\/\/isa-ninkovic.com\/de\/datenschutz-und-datenschutzrichtlinie\/","title":{"rendered":"Datenschutz und Datenschutzrichtlinie"},"content":{"rendered":"\n<h1 class=\"wp-block-heading\"><strong><strong>Allgemeines<\/strong><\/strong><\/h1>\n\n\n\n<p>Diese Datenschutz- und Datenschutzrichtlinie wurde gem\u00e4\u00df der Verordnung (EU) 2016\/679 des Europ\u00e4ischen Parlaments und des Rates zum Schutz nat\u00fcrlicher Personen bei der Verarbeitung personenbezogener Daten, zum freien Datenverkehr und zur Aufhebung der Richtlinie 95\/46\/EG entwickelt. Sie definiert, wie Ihre personenbezogenen Daten, die Sie im Zusammenhang mit der Nutzung der Website <a href=\"https:\/\/isa-ninkovic.com\">https:\/\/isa-ninkovic.com<\/a> (im Folgenden \u201eWebsite\u201c) angeben, durch Ihre Zusammenarbeit mit uns verwendet und gesch\u00fctzt werden. Dies bedeutet insbesondere, dass bei der Verarbeitung personenbezogener Daten durch die <strong>Inaugural meeting: International Surgical Academy <\/strong>die Grunds\u00e4tze der Rechtm\u00e4\u00dfigkeit, Gerechtigkeit, Transparenz, Zweckbindung, Speicherbegrenzung, Datenminimierung, Richtigkeit, Integrit\u00e4t und Vertraulichkeit beachtet werden. <strong>Verantwortlicher f\u00fcr die Verarbeitung personenbezogener Daten<\/strong> ist \u017dito d.o.o. mit Sitz in \u0110akov\u0161tina 3, Osijek, OIB: 03834418154, eingetragen im Handelsregister des Handelsgerichts in Osijek, f\u00fcr das <strong>Inaugural meeting: International Surgical Academy<\/strong>. Alle personenbezogenen Daten (im Folgenden \u201eDaten\u201c) gelten als streng vertraulich und werden gem\u00e4\u00df den geltenden gesetzlichen Bestimmungen im Bereich des Datenschutzes verarbeitet. \u017dito d.o.o. ist die verantwortliche Stelle f\u00fcr die Datenverarbeitung im Zusammenhang mit dem Online-Verkauf, der Produktlieferung und der Betrugspr\u00e4vention. \u017dito d.o.o. kann die Verarbeitung personenbezogener Daten an einen Auftragsverarbeiter delegieren. F\u00fcr alle Informationen zur Verarbeitung personenbezogener Daten, einschlie\u00dflich der Liste der Auftragsverarbeiter, wenden Sie sich bitte an <a href=\"https:\/\/isa-ninkovic.com\">https:\/\/isa-ninkovic.com<\/a>.<\/p>\n\n\n\n<p>Die Sicherheit Ihrer pers\u00f6nlichen Daten hat f\u00fcr uns oberste Priorit\u00e4t. Daher widmen wir der Verarbeitung und dem Schutz pers\u00f6nlicher Daten besondere Aufmerksamkeit. Alle Mitarbeiter und Gesch\u00e4ftspartner von \u017dito d.o.o. sind f\u00fcr die Einhaltung der Grunds\u00e4tze der Datenverarbeitung verantwortlich.<\/p>\n\n\n\n<p>In dieser Datenschutzrichtlinie (\u201eRichtlinie\u201c) m\u00f6chten wir Sie dar\u00fcber informieren, welche pers\u00f6nlichen Daten wir \u00fcber Sie sammeln und wie wir diese weiter verwenden.<\/p>\n\n\n\n<h2 class=\"wp-block-heading\"><strong><strong>Personenbezogene Daten und deren Verarbeitung<\/strong><\/strong><\/h2>\n\n\n\n<p>\u017dito d.o.o. wird Ihre pers\u00f6nlichen Daten vertraulich behandeln, sie ohne Ihre vorherige Zustimmung oder im Widerspruch zu den DSGVO-Regeln nicht verbreiten, ver\u00f6ffentlichen, Dritten zur Nutzung \u00fcberlassen oder auf andere Weise Dritten zug\u00e4nglich machen.<\/p>\n\n\n\n<h3 class=\"wp-block-heading\"><strong><strong>Kategorien personenbezogener Daten<\/strong><\/strong><\/h3>\n\n\n\n<p>Wir sammeln verschiedene Daten, abh\u00e4ngig davon, welche unserer Dienstleistungen Sie nutzen. \u017dito d.o.o. verarbeitet pers\u00f6nliche Daten, die Sie als Nutzer freiwillig und bewusst auf der Website des <strong>Inaugural meeting: International Surgical Academy<\/strong> (<a href=\"https:\/\/isa-ninkovic.com\">https:\/\/isa-ninkovic.com<\/a>) oder durch Kontakte mit Mitarbeitern oder anderen Bevollm\u00e4chtigten, die im Namen von \u017dito d.o.o. handeln, bereitgestellt haben. Ebenso verarbeiten wir pers\u00f6nliche Daten, die aus anderen Quellen gesammelt wurden, wie z. B. Daten aus Formularen und Umfragen, die Sie auf der Website und\/oder \u00fcber soziale Medienprofile ausf\u00fcllen. Dazu geh\u00f6ren Daten wie die Internet-Protokoll (IP)-Adresse oder automatisch gesammelte Daten durch Web-Cookies, die f\u00fcr die Erreichung der in dieser Datenschutzrichtlinie beschriebenen Zwecke notwendig sind. Wenn Sie die Website von \u017dito d.o.o. nutzen, Anfragen per E-Mail oder Post senden, an Gewinnspielen und Wettbewerben teilnehmen oder Kooperationsvertr\u00e4ge abschlie\u00dfen, werden Ihre pers\u00f6nlichen Daten gesammelt. Diese umfassen, aber sind nicht beschr\u00e4nkt auf, die folgenden:<\/p>\n\n\n\n<ul class=\"wp-block-list\">\n<li>Vorname, Nachname<\/li>\n\n\n\n<li>Wohnadresse<\/li>\n\n\n\n<li>pers\u00f6nliche Identifikationsnummer (OIB)<\/li>\n\n\n\n<li>Geburtsdatum<\/li>\n\n\n\n<li>Geschlecht<\/li>\n\n\n\n<li>Handynummer<\/li>\n\n\n\n<li>E-Mail-Adresse<\/li>\n<\/ul>\n\n\n\n<p>Der Datenverantwortliche kann auch Daten sammeln, die nicht zu den pers\u00f6nlichen Daten geh\u00f6ren, einschlie\u00dflich, aber nicht beschr\u00e4nkt auf die folgenden:<\/p>\n\n\n\n<ul class=\"wp-block-list\">\n<li>Daten \u00fcber das Ger\u00e4t, \u00fcber das Sie eine Verbindung zum Internet herstellen<\/li>\n\n\n\n<li>Art und Version des Internetbrowsers, den Sie verwenden<\/li>\n\n\n\n<li>Nutzungsarten der Website des Inaugural meeting: International Surgical Academy.<\/li>\n<\/ul>\n\n\n\n<h2 class=\"wp-block-heading\"><strong><strong>Ziele der Verarbeitung personenbezogener Daten:<\/strong><\/strong><\/h2>\n\n\n\n<h3 class=\"wp-block-heading\"><strong><strong>Bereitstellung und Verbesserung von Dienstleistungen<\/strong><\/strong><\/h3>\n\n\n\n<p>Um unsere Dienstleistungen bereitzustellen und zu verbessern, sammeln wir einige Ihrer personenbezogenen Daten wie folgt:<\/p>\n\n\n\n<ol class=\"wp-block-list\">\n<li>Kundenbetreuung \u2013 Zur Erbringung des Kundendienstes und zur Beseitigung m\u00f6glicher Probleme verarbeiten wir Ihre personenbezogenen Daten, die f\u00fcr die Vertragserf\u00fcllung erforderlich sind.<\/li>\n\n\n\n<li>Kommunikation \u2013 Die von uns gesammelten Daten verwenden wir f\u00fcr die Kommunikation mit Ihnen und zur Personalisierung dieser Kommunikation.<\/li>\n\n\n\n<li>Verbesserung der Dienstleistungen \u2013 Die Daten nutzen wir zur kontinuierlichen Verbesserung unserer Dienstleistungen und Systeme, einschlie\u00dflich der Hinzuf\u00fcgung neuer Funktionen. Dabei treffen wir informierte Entscheidungen durch aggregierte Analysen und Business Intelligence, basierend auf unserem legitimen Interesse an der Gesch\u00e4ftsfreiheit und der Notwendigkeit, unsere Dienstleistungen zu verbessern, um auf dem Markt erfolgreich zu sein. Um den ausreichenden Schutz Ihrer Rechte und Interessen zu gew\u00e4hrleisten, verwenden wir personenbezogene Daten, die maximal anonymisiert sind.<\/li>\n\n\n\n<li>Schutz, Sicherheit und Streitbeilegung &#8211; Wir k\u00f6nnen Daten auch auf der Grundlage unseres berechtigten Interesses verarbeiten, um den Schutz und die Sicherheit unserer Systeme und unserer Kunden zu gew\u00e4hrleisten, Betrug zu erkennen und zu verhindern, Streitigkeiten beizulegen und unsere Vereinbarungen durchzusetzen.<\/li>\n\n\n\n<li>Marketingangebote &#8211; Wir senden Ihnen Marketingbenachrichtigungen \u00fcber unsere Dienstleistungen. Sie k\u00f6nnen diese Marketingbenachrichtigungen jederzeit ablehnen, indem Sie dem Abmeldelink in jeder E-Mail folgen. Wenn Sie sich von den Marketingbenachrichtigungen abmelden, werden wir Ihre E-Mail-Kontakte f\u00fcr diesen Zweck nicht mehr verwenden. Wir werden Ihnen Marketingbenachrichtigungen erst wieder senden, wenn Sie sich erneut anmelden. Die Marketingangebote, die Sie sehen, k\u00f6nnen basierend auf zus\u00e4tzlichen Informationen ausgew\u00e4hlt werden, die wir im Laufe der Zeit \u00fcber Sie erhalten haben, basierend auf Kontaktinformationen, demografischen Daten, Pr\u00e4ferenzen und Daten zur Nutzung unserer Dienstleistungen und Websites (Cookies, IP-Adresse, Klickdaten, die Ihr Browser liefert, angezeigte Marketingangebote). Wir f\u00fchren keine automatisierte Datenverarbeitung durch, die rechtliche Auswirkungen auf Sie h\u00e4tte. Wenn Sie kein Kunde von uns sind, werden wir Ihre Daten nur mit Ihrer Zustimmung verarbeiten. Sie haben das Recht, der Datenverarbeitung jederzeit zu widersprechen.<\/li>\n\n\n\n<li>Verarbeitung von Cookies von der Website, die von der <strong>Inagural Meeting: International Surgical Academy<\/strong> betrieben wird \u2013 wenn Ihr Webbrowser Cookies enth\u00e4lt, verarbeiten wir Verfahrensaufzeichnungen aus den auf der Website ver\u00f6ffentlichten Cookie-Dateien, um den bestm\u00f6glichen Betrieb der Website zu gew\u00e4hrleisten und f\u00fcr die Zwecke der Online-Werbung durch die Inagural Meeting: International Surgical Academy.<\/li>\n\n\n\n<li>Protokolle &#8211; Beim Besuch unserer Internetseiten werden bestimmte Daten \u00fcber Ihre Nutzung automatisch \u00fcber den von Ihnen verwendeten Browser an den Server unserer Website oder Anwendung gesendet und vor\u00fcbergehend in einer sogenannten Logdatei gespeichert. Es handelt sich um die folgenden Daten, die automatisch gesendet, gespeichert und gel\u00f6scht werden, ohne dass wir darauf Einfluss nehmen:<\/li>\n\n\n\n<li>IP-Adresse Ihres Ger\u00e4ts, mit dem Sie \u00fcber das Internet auf unsere Internetseiten oder mobilen Anwendungen zugreifen, Datum und Uhrzeit des Zugriffs, Name und URL der abgerufenen Datei, URL der Website oder Anwendung, \u00fcber die Sie mit uns verbunden sind Angaben zum verwendeten Browser und ggf. zum Betriebssystem Ihres Ger\u00e4ts.<\/li>\n\n\n\n<li>Die IP-Adresse kennzeichnet den Standort Ihres Ger\u00e4ts (z.B. Computer, Tablet, Mobiltelefon etc.) im Internet, und die URL ist ein Link zu einem bestimmten Inhalt im Internet. Auf der Grundlage der oben genannten Daten ist es nicht m\u00f6glich, Ihre Identit\u00e4t festzustellen. Daher handelt es sich nicht um personenbezogene Daten, au\u00dfer in Ausnahmef\u00e4llen, in denen die IP-Adresse als personenbezogenes Datum betrachtet werden kann. Die Verarbeitung dieser Art von Daten, insbesondere der IP-Adresse Ihres Ger\u00e4ts, ist f\u00fcr die berechtigten Interessen von \u017dito d.o.o. oder Dritten im Sinne von Artikel 6 Absatz 1 Buchstabe (f) der Verordnung notwendig. Die oben genannten personenbezogenen Daten sammeln bzw. verarbeiten wir zu folgenden Zwecken: Um Ihnen eine schnellere Verbindung zu den Internetseiten unserer Website zu erm\u00f6glichen, zur Verbesserung Ihrer Benutzererfahrung, zur Bewertung der Sicherheit und Stabilit\u00e4t unserer Systeme, f\u00fcr andere administrative Zwecke. Unsere berechtigten Interessen bestehen darin, Ihnen ein besseres Benutzererlebnis zu bieten, wenn Sie unsere Internetseiten besuchen oder unsere mobilen Anwendungen nutzen.<\/li>\n<\/ol>\n\n\n\n<h3 class=\"wp-block-heading\"><strong><strong>\u00dcbertragung pers\u00f6nlicher Daten an Dritte<\/strong><\/strong><\/h3>\n\n\n\n<p>Ihre pers\u00f6nlichen Daten k\u00f6nnen nur an Dritte \u00fcbertragen werden, wenn dies zur Erf\u00fcllung des Kaufvertrags notwendig ist, aufgrund berechtigter Interessen erfolgt oder wenn Sie zuvor Ihre Einwilligung gegeben haben:<\/p>\n\n\n\n<p>a) Andere Partner, die zus\u00e4tzliche Datenverarbeitungsdienste anbieten<\/p>\n\n\n\n<p>b) Dritte wie Rechts- oder Finanzvertreter<\/p>\n\n\n\n<p>c) \u00d6ffentliche Stellen (z.B. Polizei)<\/p>\n\n\n\n<p>d) Dritte (Umfragen unter Nutzern).<\/p>\n\n\n\n<h2 class=\"wp-block-heading\"><strong>Sicherheit der pers\u00f6nlichen Daten und Aufbewahrungsfristen<\/strong><\/h2>\n\n\n\n<h3 class=\"wp-block-heading\"><strong><strong>Sicherheit der pers\u00f6nlichen Daten<\/strong><\/strong><\/h3>\n\n\n\n<p>Ihre pers\u00f6nlichen Daten werden uns in verschl\u00fcsselter Form \u00fcbermittelt. Wir verwenden das Codierungssystem HTTPS (HyperText Transfer Protocol Secure). Wir sichern unsere Webseiten und sonstigen Systeme durch technische und organisatorische Ma\u00dfnahmen, die den Verlust und die Zerst\u00f6rung Ihrer Daten sowie den Zugriff, die Ver\u00e4nderung oder Verbreitung unbefugter Personen verhindern.<\/p>\n\n\n\n<p>Wir ergreifen geeignete technische, physische und organisatorische Ma\u00dfnahmen, um Daten vor Sicherheitsrisiken wie versehentlichem, unbefugtem, illegalem oder anderweitig unerw\u00fcnschtem Zugriff auf Daten, deren Zerst\u00f6rung, Verlust oder Offenlegung zu sch\u00fctzen, und stellen ein Sicherheitsniveau sicher, das den Risiken der Datenverarbeitung entspricht.<\/p>\n\n\n\n<p>Ihre Daten werden auf einer gesch\u00fctzten internen Serverinfrastruktur gespeichert, die von au\u00dfen nicht zug\u00e4nglich ist. Der Zugriff auf die Serverinfrastruktur ist nur autorisierten Personen gestattet, die f\u00fcr deren Wartung zust\u00e4ndig sind, und der Zugriff auf pers\u00f6nliche Daten ist nur unseren autorisierten Mitarbeitern oder Vertragspartnern mit beschr\u00e4nkten Verarbeitungsrechten gem\u00e4\u00df den Bestimmungen dieser Datenschutzrichtlinie im Online-Shop gestattet.<\/p>\n\n\n\n<p>Wir stellen sicher, dass unsere Prozesse gem\u00e4\u00df der DSGVO durchgef\u00fchrt werden.<\/p>\n\n\n\n<h3 class=\"wp-block-heading\"><strong><strong>Bearbeitungszeitraum<\/strong><\/strong><\/h3>\n\n\n\n<p>Wir erheben und speichern personenbezogene Daten:<\/p>\n\n\n\n<ul class=\"wp-block-list\">\n<li>In der Zeit, die erforderlich ist, um alle Rechte und Pflichten des Website-Benutzers sicherzustellen.<\/li>\n\n\n\n<li>In der Zeit, f\u00fcr die \u017dito d.o.o. als Auftragsverarbeiter gem\u00e4\u00df geltenden gesetzlichen Vorschriften verpflichtet ist.<\/li>\n<\/ul>\n\n\n\n<p>In anderen F\u00e4llen h\u00e4ngt die Verarbeitungsdauer von dem Verarbeitungszweck ab oder wird durch gesetzliche Bestimmungen zum Schutz personenbezogener Daten festgelegt.<\/p>\n\n\n\n<h2 class=\"wp-block-heading\"><strong><strong>Rechte der Befragten<\/strong><\/strong><\/h2>\n\n\n\n<p><strong>Wer hat Zugriff auf Ihre Daten und wem werden sie offengelegt?<\/strong><\/p>\n\n\n\n<p>Wir k\u00f6nnen Ihre personenbezogenen Daten an zust\u00e4ndige Beh\u00f6rden gem\u00e4\u00df den gesetzlichen Verpflichtungen sowie an einige unserer Gesch\u00e4ftspartner weitergeben bzw. ihnen Zugriff auf Ihre personenbezogenen Daten gew\u00e4hren, zum Beispiel an Marketingagenturen, die wir f\u00fcr die Organisation bestimmter Werbeaktivit\u00e4ten beauftragen, oder an IT-Dienstleister, die unsere Informations- und Kommunikationsnetzwerke und -systeme warten, sowie an Gesch\u00e4ftsbanken. Mit diesen Partnern haben wir Vertr\u00e4ge abgeschlossen, die geeignete technische und organisatorische Schutzma\u00dfnahmen f\u00fcr Ihre personenbezogenen Daten sicherstellen, die Verpflichtung zur Verarbeitung ausschlie\u00dflich gem\u00e4\u00df unseren Anweisungen und die Verpflichtung zur Wahrung der Vertraulichkeit sowie das Verbot der Nutzung Ihrer personenbezogenen Daten f\u00fcr andere als die im jeweiligen Vertrag genannten Zwecke.<\/p>\n\n\n\n<p>Wenn Sie auf unsere Internetseiten aus einer anderen Region zugreifen, stimmen Sie durch die blo\u00dfe Nutzung unserer Internetseiten ausdr\u00fccklich zu, dass Ihre personenbezogenen Daten in die Republik Kroatien \u00fcbermittelt und dort gem\u00e4\u00df den kroatischen Vorschriften zum Schutz personenbezogener Daten verarbeitet werden.<\/p>\n\n\n\n<p>In Ausnahmef\u00e4llen k\u00f6nnen Daten, die von verschiedenen Cookies sozialer Netzwerke und anderen Dritten aus den Vereinigten Staaten von Amerika (USA) erfasst werden, an deren Server \u00fcbertragen werden, die sich m\u00f6glicherweise in den USA befinden. In einem solchen Fall erfolgt die \u00dcbermittlung personenbezogener Daten entweder im Rahmen des europ\u00e4isch-amerikanischen Datenschutzsystems Privacy Shield oder auf Grundlage von Vertr\u00e4gen mit den Empf\u00e4ngern Ihrer personenbezogenen Daten in solchen L\u00e4ndern, die mit den von der Europ\u00e4ischen Kommission genehmigten Standardvertragsklauseln f\u00fcr die \u00dcbermittlung personenbezogener Daten \u00fcbereinstimmen, um ein Datenschutzniveau zu gew\u00e4hrleisten, das den Anforderungen des europ\u00e4ischen Datenschutzrechts entspricht.<\/p>\n\n\n\n<h3 class=\"wp-block-heading\"><strong><strong>Ihre Rechte in Bezug auf unsere Verarbeitung Ihrer personenbezogenen Daten<\/strong><\/strong><\/h3>\n\n\n\n<p>Ihre Rechte in Bezug auf unsere Verarbeitung Ihrer personenbezogenen Daten sind:<\/p>\n\n\n\n<p>&nbsp;1. Recht auf Zugang zu Ihren personenbezogenen Daten, d. h. das Recht, eine Best\u00e4tigung dar\u00fcber zu erhalten, ob personenbezogene Daten, die Sie betreffen, verarbeitet werden, und wenn solche personenbezogenen Daten verarbeitet werden, haben Sie das Recht, Zugang zu Ihren personenbezogenen Daten zu erhalten. Sie k\u00f6nnen detaillierte Informationen insbesondere \u00fcber den Zweck der Verarbeitung, die Art\/Kategorien der verarbeiteten personenbezogenen Daten, einschlie\u00dflich Einsicht in Ihre personenbezogenen Daten, die Empf\u00e4nger oder Kategorien von Empf\u00e4ngern und die voraussichtliche Dauer der Speicherung personenbezogener Daten anfordern (der Zugang zu personenbezogenen Daten kann in den durch das Unionsrecht oder nationales Recht vorgeschriebenen F\u00e4llen eingeschr\u00e4nkt werden, wenn eine solche Einschr\u00e4nkung das Wesentliche der Grundrechte und Grundfreiheiten anderer respektiert) \u2013 um Ihr Recht auszu\u00fcben, wenden Sie sich schriftlich an den Datenverantwortlichen;<\/p>\n\n\n\n<p>2. Recht auf Berichtigung, d.h. das Recht, unrichtige personenbezogene Daten, die Sie betreffen, unverz\u00fcglich durch Abgabe einer zus\u00e4tzlichen Erkl\u00e4rung zu berichtigen oder zu erg\u00e4nzen \u2013 hierzu richten Sie Ihren Antrag schriftlich an den Verantwortlichen;<\/p>\n\n\n\n<p>3. Recht auf L\u00f6schung personenbezogener Daten (\u201eRecht auf Vergessenwerden\u201c), die Sie betreffen, insbesondere in den folgenden F\u00e4llen:<\/p>\n\n\n\n<ul class=\"wp-block-list\">\n<li>Die personenbezogenen Daten sind f\u00fcr die Zwecke, f\u00fcr die sie erhoben oder auf andere Weise verarbeitet wurden, nicht mehr notwendig.<\/li>\n\n\n\n<li>Sie widerrufen Ihre Einwilligung zur Verarbeitung Ihrer personenbezogenen Daten ganz oder teilweise f\u00fcr die angegebenen Zwecke, und es gibt keine andere Rechtsgrundlage f\u00fcr die Verarbeitung.<\/li>\n\n\n\n<li>Sie legen Widerspruch gegen die Verarbeitung Ihrer personenbezogenen Daten ein, und es liegt kein \u00fcberwiegendes berechtigtes Interesse f\u00fcr die Verarbeitung vor.<\/li>\n\n\n\n<li>Die personenbezogenen Daten wurden unrechtm\u00e4\u00dfig verarbeitet.<\/li>\n\n\n\n<li>Die L\u00f6schung personenbezogener Daten ist zur Erf\u00fcllung der Pflicht gem\u00e4\u00df den geltenden gesetzlichen Vorschriften erforderlich.<\/li>\n<\/ul>\n\n\n\n<p>4. Recht auf Einschr\u00e4nkung der Verarbeitung personenbezogener Daten in den folgenden F\u00e4llen:<\/p>\n\n\n\n<ul class=\"wp-block-list\">\n<li>Wenn Sie die Richtigkeit Ihrer personenbezogenen Daten bestreiten, f\u00fcr den Zeitraum, der uns erm\u00f6glicht, die Richtigkeit der personenbezogenen Daten zu \u00fcberpr\u00fcfen.<\/li>\n\n\n\n<li>Wenn die Verarbeitung unrechtm\u00e4\u00dfig ist und Sie die L\u00f6schung Ihrer personenbezogenen Daten ablehnen und stattdessen die Einschr\u00e4nkung ihrer Nutzung verlangen.<\/li>\n\n\n\n<li>Wenn wir die personenbezogenen Daten f\u00fcr die Zwecke der Verarbeitung nicht mehr ben\u00f6tigen, Sie diese jedoch zur Geltendmachung, Aus\u00fcbung oder Verteidigung Ihrer Rechte und Anspr\u00fcche ben\u00f6tigen.<\/li>\n\n\n\n<li>Wenn Sie Widerspruch gegen die Verarbeitung personenbezogener Daten eingelegt haben, die f\u00fcr die Zwecke unserer berechtigten Interessen oder die einer dritten Partei erforderlich sind, solange nicht best\u00e4tigt ist, dass die berechtigten Interessen die Gr\u00fcnde des Widerspruchs \u00fcberwiegen.<\/li>\n<\/ul>\n\n\n\n<p>5. Recht auf Widerspruch gegen die Verarbeitung Ihrer personenbezogenen Daten aufgrund berechtigter Interessen oder f\u00fcr Zwecke des Direktmarketings, einschlie\u00dflich der Erstellung von Profilen, soweit sie mit einem solchen Direktmarketing verbunden sind.<\/p>\n\n\n\n<p>\u00a0Wenn wir Ihre personenbezogenen Daten verarbeiten, k\u00f6nnen Sie jederzeit kostenlose Informationen \u00fcber die Verarbeitung Ihrer personenbezogenen Daten anfordern.<\/p>\n\n\n\n<p>Wenn Sie der Meinung sind, dass wir personenbezogene Daten in einer Weise verarbeiten, die dem Schutz Ihrer personenbezogenen Daten und den gesetzlichen Bestimmungen der Datenschutzrichtlinie widerspricht, k\u00f6nnen Sie eine Erkl\u00e4rung anfordern. Sie k\u00f6nnen verlangen, dass der entstandene Zustand beseitigt wird. Insbesondere k\u00f6nnen Sie die Berichtigung, Erg\u00e4nzung, L\u00f6schung oder Sperrung Ihrer personenbezogenen Daten verlangen.<\/p>\n\n\n\n<p>Um Ihre Rechte auszu\u00fcben, kontaktieren Sie uns bitte per E-Mail unter <a href=\"https:\/\/isa-ninkovic.com\">https:\/\/isa-ninkovic.com<\/a> oder das B\u00fcro f\u00fcr den Schutz personenbezogener Daten unter <a href=\"https:\/\/ec.europa.eu\/\">https:\/\/ec.europa.eu\/<\/a> .<\/p>\n\n\n\n<p>Ihre Einwilligung zur Verarbeitung personenbezogener Daten k\u00f6nnen Sie jederzeit widerrufen. Wenn Sie Ihre Einwilligung zur Verarbeitung personenbezogener Daten widerrufen, werden Ihre personenbezogenen Daten gel\u00f6scht; dies gilt jedoch nicht f\u00fcr personenbezogene Daten, die zur Erf\u00fcllung gesetzlicher Verpflichtungen oder zum Schutz unserer berechtigten Interessen erforderlich sind. Personenbezogene Daten werden auch dann vernichtet, wenn sie f\u00fcr den vorgesehenen Zweck nicht erforderlich sind oder die Speicherung Ihrer Daten aus sonstigen rechtlichen Gr\u00fcnden unzul\u00e4ssig ist.<\/p>\n\n\n\n<h2 class=\"wp-block-heading\"><strong><strong>Minderj\u00e4hrige<\/strong><\/strong><\/h2>\n\n\n\n<p>\u017dito d.o.o. empfiehlt allen Eltern und Erziehungsberechtigten, ihren Kindern beizubringen, wie sie ihre personenbezogenen Daten im Internet sicher und verantwortungsbewusst verwenden.<\/p>\n\n\n\n<p>Minderj\u00e4hrige sollten ohne die Erlaubnis der Eltern oder Erziehungsberechtigten keine personenbezogenen Daten auf der Website von \u017dito d.o.o. hinterlassen. \u017dito d.o.o. wird niemals wissentlich Daten von Minderj\u00e4hrigen sammeln, sie in irgendeiner Weise nutzen oder sie Dritten offenlegen, sofern gesetzlich nichts anderes vorgeschrieben ist.<\/p>\n\n\n\n<p>\u017dito d.o.o. verlangt, dass Minderj\u00e4hrige ohne die Zustimmung der Eltern oder des gesetzlichen Vormunds keine rechtlichen Gesch\u00e4fte im Zusammenhang mit unseren Dienstleistungen t\u00e4tigen und keine pers\u00f6nlichen Informationen direkt an uns weitergeben. Manchmal ist es jedoch nicht m\u00f6glich, das Alter der Personen zu bestimmen, die an solchen Gesch\u00e4ften teilnehmen oder personenbezogene Daten bereitstellen. Wenn ein Minderj\u00e4hriger (gem\u00e4\u00df den geltenden gesetzlichen Bestimmungen) uns dennoch personenbezogene Daten ohne die Zustimmung der Eltern oder des gesetzlichen Vormunds zur Verf\u00fcgung stellt, bitten wir die Eltern oder Erziehungsberechtigten, uns zu benachrichtigen, damit wir diese Informationen entfernen k\u00f6nnen.<\/p>\n\n\n\n<h2 class=\"wp-block-heading\"><strong><strong>Cookies<\/strong><\/strong><\/h2>\n\n\n\n<p>Unsere Website verwendet Cookies, um unser Angebot relevant, interessant und benutzerfreundlich zu gestalten. Cookies sind kleine Textdateien, die auf Ihrem Computer, Smartphone oder einem anderen Ger\u00e4t gespeichert werden und in Ihrem Browser verwendet werden. Wir verwenden Cookies z.B. f\u00fcr:<\/p>\n\n\n\n<p>\u2013 die korrekte Funktionalit\u00e4t des Warenkorbs, damit Sie Ihre Bestellung so einfach wie m\u00f6glich abschlie\u00dfen k\u00f6nnen,<\/p>\n\n\n\n<p>\u2013 das Speichern Ihrer Anmeldedaten, damit Sie diese nicht mehrfach eingeben m\u00fcssen.<\/p>\n\n\n\n<p>Passen Sie unsere Website bestm\u00f6glich an Ihre Anforderungen an, indem Sie den Datenverkehr, die Bewegung Ihrer Website und die von Ihnen genutzten Funktionen verfolgen.<\/p>\n\n\n\n<p>Mehr \u00fcber Cookies erfahren Sie in unserer Cookie-Richtlinie.<\/p>\n\n\n\n<p><strong>\u00c4nderungen der Datenschutzrichtlinie<\/strong><\/p>\n\n\n\n<p>\u017dito d.o.o. kann diese Datenschutzrichtlinie jederzeit \u00e4ndern, indem der ge\u00e4nderte Text der Datenschutzrichtlinie auf der Website ver\u00f6ffentlicht wird. Die \u00c4nderung der Datenschutzrichtlinie tritt mit der Ver\u00f6ffentlichung auf der Website <strong>Inagural meeting: International Surgical Academy<\/strong> in Kraft.<\/p>\n\n\n\n<p><a id=\"_msocom_1\"><\/a><\/p>\n\n\n\n<p><\/p>\n","protected":false},"excerpt":{"rendered":"<p>Allgemeines Diese Datenschutz- und Datenschutzrichtlinie wurde gem\u00e4\u00df der Verordnung (EU) 2016\/679 des Europ\u00e4ischen Parlaments und des Rates zum Schutz nat\u00fcrlicher Personen bei der Verarbeitung personenbezogener Daten, zum freien Datenverkehr und zur Aufhebung der Richtlinie 95\/46\/EG entwickelt. Sie definiert, wie Ihre personenbezogenen Daten, die Sie im Zusammenhang mit der Nutzung der Website https:\/\/isa-ninkovic.com (im Folgenden \u201eWebsite\u201c) [&hellip;]<\/p>\n","protected":false},"author":1,"featured_media":0,"parent":0,"menu_order":0,"comment_status":"closed","ping_status":"closed","template":"","meta":{"_seopress_robots_primary_cat":"","_seopress_titles_title":"","_seopress_titles_desc":"","_seopress_robots_index":"","footnotes":""},"class_list":["post-631","page","type-page","status-publish","hentry"],"acf":[],"_links":{"self":[{"href":"https:\/\/isa-ninkovic.com\/de\/wp-json\/wp\/v2\/pages\/631","targetHints":{"allow":["GET"]}}],"collection":[{"href":"https:\/\/isa-ninkovic.com\/de\/wp-json\/wp\/v2\/pages"}],"about":[{"href":"https:\/\/isa-ninkovic.com\/de\/wp-json\/wp\/v2\/types\/page"}],"author":[{"embeddable":true,"href":"https:\/\/isa-ninkovic.com\/de\/wp-json\/wp\/v2\/users\/1"}],"replies":[{"embeddable":true,"href":"https:\/\/isa-ninkovic.com\/de\/wp-json\/wp\/v2\/comments?post=631"}],"version-history":[{"count":2,"href":"https:\/\/isa-ninkovic.com\/de\/wp-json\/wp\/v2\/pages\/631\/revisions"}],"predecessor-version":[{"id":634,"href":"https:\/\/isa-ninkovic.com\/de\/wp-json\/wp\/v2\/pages\/631\/revisions\/634"}],"wp:attachment":[{"href":"https:\/\/isa-ninkovic.com\/de\/wp-json\/wp\/v2\/media?parent=631"}],"curies":[{"name":"wp","href":"https:\/\/api.w.org\/{rel}","templated":true}]}}